{"id":83,"date":"2011-01-27T13:11:09","date_gmt":"2011-01-27T16:11:09","guid":{"rendered":"http:\/\/estudiosociologicos.org\/portal"},"modified":"2014-03-21T16:43:53","modified_gmt":"2014-03-21T19:43:53","slug":"conflicto-y-estructura-social","status":"publish","type":"page","link":"https:\/\/estudiosociologicos.org\/portal\/areas\/conflicto-y-estructura-social\/","title":{"rendered":"Conflicto y Estructura Social"},"content":{"rendered":"<p><img loading=\"lazy\" decoding=\"async\" class=\"alignnone size-full wp-image-183\" style=\"vertical-align: middle;\" title=\"acyes\" alt=\"\" src=\"http:\/\/estudiosociologicos.org\/portal\/wp-content\/uploads\/2011\/02\/acyes.jpg\" width=\"65\" height=\"66\" \/> <strong>Conflicto y Estructura Social<\/strong><\/p>\n<p>Las transformaciones producidas en los procesos de estructuraci\u00f3n social y los cambios en los antagonismos a ellos asociados ser\u00e1n el campo privilegiado de esta \u00c1rea desde donde se abordaran indagaciones sobre movimientos sociales, conflicto social, estructura de clase y los estados de guerra actuales.<\/p>\n<p>Coordinador:\u00a0Dra. Ana Luc\u00eda Cervio.<\/p>\n<p><span style=\"text-decoration: underline;\">L\u00edneas de Investigaci\u00f3n:<\/span> <em><\/em><\/p>\n<p>\u00bb <em>Conflicto social y violencia(s)<\/em>. <strong>Roberto Merino<\/strong><\/p>\n<p>\u00bb <em>Fen\u00f3menos de violencia colectiva<\/em>. <strong>Flabi\u00e1n Nievas<\/strong><\/p>\n<p>\u00bb<em> Pluralismo identit\u00e1rio, movimentos sociais e redes articulat\u00f3rias de a\u00e7\u00f5es coletivas<\/em>.<strong><em> <\/em>Remo Mutzenberg<\/strong><\/p>\n<p>\u00bb <em>Construcci\u00f3n de movimientos en \u201ctiempos otros\u201d (cosmovisi\u00f3n pueblos originarios y su comprensi\u00f3n de lo estrat\u00e9gico de los recursos). <\/em><strong>Victoria\u00a0 D&#8217;hers<\/strong><\/p>\n<p>\u00bb <em>Movimientos socioterritoriales y conflictos ecol\u00f3gicos contempor\u00e1neos: disputas por la apropiaci\u00f3n-significaci\u00f3n de la \u2018Naturaleza\u2019 en la rearticulaci\u00f3n del capitalismo neocolonial global.<\/em> <strong>Horacio Machado Araoz<\/strong><\/p>\n<p>\u00bb <em>Transformaciones del trabajo: Principales transformaciones del sistema capitalista, en su fase global y flexible.<strong> <\/strong><\/em><strong>Pedro Robertt<\/strong><\/p>\n<p><a href=\"http:\/\/estudiosociologicos.org\/portal\/documentos-conflicto-y-estructura-social\"><img loading=\"lazy\" decoding=\"async\" alt=\"documentos de trabajo - conflicto y estructura social\" src=\"http:\/\/estudiosociologicos.org\/portal\/wp-content\/themes\/milano\/images\/banner-documentosdetrabajo-conflicto.jpg\" width=\"223\" height=\"30\" \/><\/a>\u00a0 \u00a0 \u00a0 \u00a0 \u00a0 \u00a0 \u00a0 \u00a0 \u00a0 \u00a0 \u00a0 \u00a0 \u00a0 \u00a0 \u00a0 \u00a0 \u00a0 \u00a0 \u00a0 \u00a0 <a href=\"http:\/\/estudiosociologicos.org\/portal\/noticias-conflicto-y-estructura-social\"><img loading=\"lazy\" decoding=\"async\" alt=\"documentos de trabajo - conflicto y estructura social\" src=\"http:\/\/estudiosociologicos.org\/portal\/wp-content\/themes\/milano\/images\/banner-noticias-conflicto.jpg\" width=\"223\" height=\"30\" \/><\/a><\/p>\n","protected":false},"excerpt":{"rendered":"<p>Conflicto y Estructura Social Las transformaciones producidas en los procesos de estructuraci\u00f3n social y los cambios en los antagonismos a ellos asociados ser\u00e1n el campo privilegiado de esta \u00c1rea desde donde se abordaran indagaciones sobre movimientos sociales, conflicto social, estructura de clase y los estados de guerra actuales. Coordinador:\u00a0Dra. Ana Luc\u00eda Cervio. L\u00edneas de Investigaci\u00f3n: [&hellip;]<\/p>\n","protected":false},"author":8,"featured_media":0,"parent":71,"menu_order":3,"comment_status":"open","ping_status":"closed","template":"","meta":{"om_disable_all_campaigns":false,"footnotes":""},"class_list":["post-83","page","type-page","status-publish","hentry"],"acf":[],"jetpack_sharing_enabled":true,"_links":{"self":[{"href":"https:\/\/estudiosociologicos.org\/portal\/wp-json\/wp\/v2\/pages\/83","targetHints":{"allow":["GET"]}}],"collection":[{"href":"https:\/\/estudiosociologicos.org\/portal\/wp-json\/wp\/v2\/pages"}],"about":[{"href":"https:\/\/estudiosociologicos.org\/portal\/wp-json\/wp\/v2\/types\/page"}],"author":[{"embeddable":true,"href":"https:\/\/estudiosociologicos.org\/portal\/wp-json\/wp\/v2\/users\/8"}],"replies":[{"embeddable":true,"href":"https:\/\/estudiosociologicos.org\/portal\/wp-json\/wp\/v2\/comments?post=83"}],"version-history":[{"count":17,"href":"https:\/\/estudiosociologicos.org\/portal\/wp-json\/wp\/v2\/pages\/83\/revisions"}],"predecessor-version":[{"id":1435,"href":"https:\/\/estudiosociologicos.org\/portal\/wp-json\/wp\/v2\/pages\/83\/revisions\/1435"}],"up":[{"embeddable":true,"href":"https:\/\/estudiosociologicos.org\/portal\/wp-json\/wp\/v2\/pages\/71"}],"wp:attachment":[{"href":"https:\/\/estudiosociologicos.org\/portal\/wp-json\/wp\/v2\/media?parent=83"}],"curies":[{"name":"wp","href":"https:\/\/api.w.org\/{rel}","templated":true}]}}