{"id":80,"date":"2011-01-27T13:10:00","date_gmt":"2011-01-27T16:10:00","guid":{"rendered":"http:\/\/estudiosociologicos.org\/portal"},"modified":"2014-03-21T16:42:56","modified_gmt":"2014-03-21T19:42:56","slug":"vida-cotidiana-espacio-temporalidad-y-sensibilidades-sociales","status":"publish","type":"page","link":"https:\/\/estudiosociologicos.org\/portal\/areas\/vida-cotidiana-espacio-temporalidad-y-sensibilidades-sociales\/","title":{"rendered":"Vida Cotidiana, Espacio-temporalidad y Sensibilidades Sociales"},"content":{"rendered":"<p><img loading=\"lazy\" decoding=\"async\" class=\"alignnone size-full wp-image-181\" style=\"vertical-align: middle;\" alt=\"\" src=\"http:\/\/estudiosociologicos.org\/portal\/wp-content\/uploads\/2011\/02\/aavc.jpg\" width=\"65\" height=\"66\" \/><strong> Vida Cotidiana, Espacio-temporalidad y Sensibilidades Sociales<\/strong><\/p>\n<p>Dada la creciente importancia en las relaciones sociales de los efectos de las modificaciones en las estructuras afectivas, (Cuerpos, Emociones, Est\u00e9ticas y Pol\u00edticas) este \u00c1rea se ocupa de diversas problem\u00e1ticas sociales que se ven atravesadas por dichas transformaciones: discriminaci\u00f3n de g\u00e9nero, pobreza y segregaciones socio-espaciales.<\/p>\n<p>Coordinador:\u00a0Dra. Gabriela Vergara Mattar.<\/p>\n<p><span style=\"text-decoration: underline;\">L\u00edneas de Investigaci\u00f3n:<\/span><\/p>\n<p>\u00bb <em>Cotidianidade, Literatura e Sociedade. <\/em><strong>Eliane Veras Soares<\/strong><br \/>\n<em> <\/em><\/p>\n<p>\u00bb <em>Semiopraxis y Discurso de los Cuerpos.<\/em> <strong>Jose Luis Grosso <\/strong><strong> <\/strong><br \/>\n<em> <\/em><em> <\/em><\/p>\n<p>\u00bb <em>Practicas de participaci\u00f3n y formaci\u00f3n de sujetos: nuevas formas de sociabilidad y nuevas subjetividades. <\/em><strong>Ana Mar\u00eda Perez<\/strong><em><strong> <\/strong><\/em><br \/>\n<em> <\/em><em><\/em><\/p>\n<p>\u00bb <em>La pobreza extrema y su Invisibilizaci\u00f3n cotidiana. C\u00f3mo no ver\/sentir. <\/em><strong>Victoria\u00a0 D&#8217;hers<\/strong><\/p>\n<p>\u00bb <em>Expresiones de sensibilidad en las experiencias clasistas de habitar las ciudades latinoamericanas. <\/em><strong>Ana Cervio\u00a0<\/strong><\/p>\n<p>\u00bb <em>Dispositivos expropiatorios y nuevas tecnolog\u00edas de producci\u00f3n de cuerpos y subjetividades \u2018civilizadas\u2019. <\/em><strong>Horacio Machado Araoz<\/strong><\/p>\n<p><strong><\/strong>\u00bb <em>Regulaci\u00f3n emocional, m\u00fasica e individualizaci\u00f3n. <\/em><strong>Rafael Andr\u00e9s S\u00e1nchez Aguirre<\/strong><\/p>\n<p>\u00bb <em>Emociones, sentimientos, g\u00e9nero y migraci\u00f3n. <\/em><strong>C\u00e9cile Vermot<\/strong><\/p>\n<p>\u00bb <em>Sociolog\u00eda de las Emociones y Sociolog\u00eda de las Im\u00e1genes. <\/em><strong>Mauro Guilherme <\/strong><strong>Pinheiro Koury<\/strong><\/p>\n<p><em>\u00bb Dispositivos expropiatorios y nuevas tecnolog\u00edas de producci\u00f3n de cuerpos y subjetividades \u2018civilizadas\u2019. <\/em><strong>Mar\u00eda Noel M\u00edguez Passada<\/strong><\/p>\n<p><a href=\"http:\/\/estudiosociologicos.org\/portal\/documentos-vida-cotidiana\"><img loading=\"lazy\" decoding=\"async\" alt=\"documentos de trabajo - vida cotidiana\" src=\"http:\/\/estudiosociologicos.org\/portal\/wp-content\/themes\/milano\/images\/banner-documentosdetrabajo-cotidiana.jpg\" width=\"223\" height=\"30\" \/><\/a>\u00a0 \u00a0 \u00a0 \u00a0 \u00a0 \u00a0 \u00a0 \u00a0 \u00a0 \u00a0 \u00a0 \u00a0 \u00a0 \u00a0 \u00a0 \u00a0 \u00a0 \u00a0 \u00a0 \u00a0 <a href=\"http:\/\/estudiosociologicos.org\/portal\/noticias-vida-cotidiana\"><img loading=\"lazy\" decoding=\"async\" alt=\"documentos de trabajo - vida cotidiana\" src=\"http:\/\/estudiosociologicos.org\/portal\/wp-content\/themes\/milano\/images\/banner-noticias-cotidiana.jpg\" width=\"223\" height=\"30\" \/><\/a><\/p>\n","protected":false},"excerpt":{"rendered":"<p>Vida Cotidiana, Espacio-temporalidad y Sensibilidades Sociales Dada la creciente importancia en las relaciones sociales de los efectos de las modificaciones en las estructuras afectivas, (Cuerpos, Emociones, Est\u00e9ticas y Pol\u00edticas) este \u00c1rea se ocupa de diversas problem\u00e1ticas sociales que se ven atravesadas por dichas transformaciones: discriminaci\u00f3n de g\u00e9nero, pobreza y segregaciones socio-espaciales. Coordinador:\u00a0Dra. Gabriela Vergara Mattar. [&hellip;]<\/p>\n","protected":false},"author":8,"featured_media":0,"parent":71,"menu_order":2,"comment_status":"open","ping_status":"closed","template":"","meta":{"om_disable_all_campaigns":false,"footnotes":""},"class_list":["post-80","page","type-page","status-publish","hentry"],"acf":[],"jetpack_sharing_enabled":true,"_links":{"self":[{"href":"https:\/\/estudiosociologicos.org\/portal\/wp-json\/wp\/v2\/pages\/80","targetHints":{"allow":["GET"]}}],"collection":[{"href":"https:\/\/estudiosociologicos.org\/portal\/wp-json\/wp\/v2\/pages"}],"about":[{"href":"https:\/\/estudiosociologicos.org\/portal\/wp-json\/wp\/v2\/types\/page"}],"author":[{"embeddable":true,"href":"https:\/\/estudiosociologicos.org\/portal\/wp-json\/wp\/v2\/users\/8"}],"replies":[{"embeddable":true,"href":"https:\/\/estudiosociologicos.org\/portal\/wp-json\/wp\/v2\/comments?post=80"}],"version-history":[{"count":28,"href":"https:\/\/estudiosociologicos.org\/portal\/wp-json\/wp\/v2\/pages\/80\/revisions"}],"predecessor-version":[{"id":1434,"href":"https:\/\/estudiosociologicos.org\/portal\/wp-json\/wp\/v2\/pages\/80\/revisions\/1434"}],"up":[{"embeddable":true,"href":"https:\/\/estudiosociologicos.org\/portal\/wp-json\/wp\/v2\/pages\/71"}],"wp:attachment":[{"href":"https:\/\/estudiosociologicos.org\/portal\/wp-json\/wp\/v2\/media?parent=80"}],"curies":[{"name":"wp","href":"https:\/\/api.w.org\/{rel}","templated":true}]}}