{"id":77,"date":"2011-01-27T13:08:39","date_gmt":"2011-01-27T16:08:39","guid":{"rendered":"http:\/\/estudiosociologicos.org\/portal"},"modified":"2016-03-24T00:22:12","modified_gmt":"2016-03-24T03:22:12","slug":"innovaciones-metodologicas","status":"publish","type":"page","link":"https:\/\/estudiosociologicos.org\/portal\/areas\/innovaciones-metodologicas\/","title":{"rendered":"Innovaciones Metodol\u00f3gicas"},"content":{"rendered":"<p><img loading=\"lazy\" decoding=\"async\" class=\"alignnone size-full wp-image-184\" style=\"vertical-align: middle;\" src=\"http:\/\/estudiosociologicos.org\/portal\/wp-content\/uploads\/2011\/02\/aim.jpg\" alt=\"\" width=\"65\" height=\"66\" \/><strong> Innovaciones Metodol\u00f3gicas<\/strong><\/p>\n<p>El \u00c1rea se aboca a los cruces entre epistemolog\u00eda, teor\u00eda y metodolog\u00eda que permiten crear y re-crear estrategias de investigaci\u00f3n y reflexi\u00f3n sobre diversas problem\u00e1ticas sociales. En un cruce transversal con el resto de \u00e1reas del Centro, en este espacio de intercambio se privilegia la innovaci\u00f3n en los procesos de observaci\u00f3n y validaci\u00f3n en un sentido multidisciplinario y pluriparadigm\u00e1tico.<\/p>\n<p>Coordinador:\u00a0Dr. Adri\u00e1n Scribano.<\/p>\n<p><span style=\"text-decoration: underline;\">L\u00edneas de Investigaci\u00f3n:<\/span><\/p>\n<p>\u00bb <em>Rela\u00e7oes entre pesquisadores e atores sociais e a constru\u00e7\u00e3o de instrumentos de pesquisa: espitemologIa, metodologia e t\u00e9cnicas. <\/em><strong>Remo Mutzenberg e Eliane Veras Soares<\/strong><\/p>\n<p>\u00bb <em>Arte e investigaci\u00f3n social. Abriendo los sentidos del investigador. <\/em><strong>Victoria\u00a0 D\u00b4hers<\/strong><\/p>\n<p>\u00bb <em>Perspectivas metodol\u00f3gicas de investigaci\u00f3n en ciencias sociales en Latinoam\u00e9rica. <\/em><strong>Graciela Magallanes<\/strong><\/p>\n<p>\u00bb <em>Construcci\u00f3n y validaci\u00f3n de indicadores de la\u00a0econom\u00eda\u00a0social. <\/em><strong>Ang\u00e9lica De Sena<\/strong><\/p>\n<p>\u00bb <em>Epistemolog\u00eda, est\u00e9tica y normatividad: hilos que se anudan en el testimonio. <\/em><strong>Claudio Martyniuk<br \/>\n<\/strong><\/p>\n<p><strong><br \/>\n<\/strong><\/p>\n<p><a href=\"http:\/\/estudiosociologicos.org\/portal\/documentos-innovaciones-metodologicas\"><img loading=\"lazy\" decoding=\"async\" src=\"http:\/\/estudiosociologicos.org\/portal\/wp-content\/themes\/milano\/images\/banner-documentosdetrabajo-innovaciones.jpg\" alt=\"documentos de trabajo - innovaciones metodol\u00f3gicas\" width=\"223\" height=\"30\" \/><\/a>\u00a0 \u00a0 \u00a0 \u00a0 \u00a0 \u00a0 \u00a0 \u00a0 \u00a0 \u00a0 \u00a0 \u00a0 \u00a0 \u00a0 \u00a0 \u00a0 \u00a0 \u00a0 \u00a0 \u00a0 <a href=\"http:\/\/estudiosociologicos.org\/portal\/noticias-innovaciones-metodologicas\"><img loading=\"lazy\" decoding=\"async\" src=\"http:\/\/estudiosociologicos.org\/portal\/wp-content\/themes\/milano\/images\/banner-noticias-innovaciones.jpg\" alt=\"documentos de trabajo - innovaciones metodol\u00f3gicas\" width=\"223\" height=\"30\" \/><\/a><\/p>\n","protected":false},"excerpt":{"rendered":"<p>Innovaciones Metodol\u00f3gicas El \u00c1rea se aboca a los cruces entre epistemolog\u00eda, teor\u00eda y metodolog\u00eda que permiten crear y re-crear estrategias de investigaci\u00f3n y reflexi\u00f3n sobre diversas problem\u00e1ticas sociales. En un cruce transversal con el resto de \u00e1reas del Centro, en este espacio de intercambio se privilegia la innovaci\u00f3n en los procesos de observaci\u00f3n y validaci\u00f3n [&hellip;]<\/p>\n","protected":false},"author":8,"featured_media":0,"parent":71,"menu_order":4,"comment_status":"open","ping_status":"closed","template":"","meta":{"om_disable_all_campaigns":false,"footnotes":""},"class_list":["post-77","page","type-page","status-publish","hentry"],"acf":[],"jetpack_sharing_enabled":true,"_links":{"self":[{"href":"https:\/\/estudiosociologicos.org\/portal\/wp-json\/wp\/v2\/pages\/77","targetHints":{"allow":["GET"]}}],"collection":[{"href":"https:\/\/estudiosociologicos.org\/portal\/wp-json\/wp\/v2\/pages"}],"about":[{"href":"https:\/\/estudiosociologicos.org\/portal\/wp-json\/wp\/v2\/types\/page"}],"author":[{"embeddable":true,"href":"https:\/\/estudiosociologicos.org\/portal\/wp-json\/wp\/v2\/users\/8"}],"replies":[{"embeddable":true,"href":"https:\/\/estudiosociologicos.org\/portal\/wp-json\/wp\/v2\/comments?post=77"}],"version-history":[{"count":19,"href":"https:\/\/estudiosociologicos.org\/portal\/wp-json\/wp\/v2\/pages\/77\/revisions"}],"predecessor-version":[{"id":1846,"href":"https:\/\/estudiosociologicos.org\/portal\/wp-json\/wp\/v2\/pages\/77\/revisions\/1846"}],"up":[{"embeddable":true,"href":"https:\/\/estudiosociologicos.org\/portal\/wp-json\/wp\/v2\/pages\/71"}],"wp:attachment":[{"href":"https:\/\/estudiosociologicos.org\/portal\/wp-json\/wp\/v2\/media?parent=77"}],"curies":[{"name":"wp","href":"https:\/\/api.w.org\/{rel}","templated":true}]}}