{"id":73,"date":"2011-01-27T13:07:54","date_gmt":"2011-01-27T16:07:54","guid":{"rendered":"http:\/\/estudiosociologicos.org\/portal"},"modified":"2014-03-20T20:59:14","modified_gmt":"2014-03-20T23:59:14","slug":"ambiente-y-sociedad","status":"publish","type":"page","link":"https:\/\/estudiosociologicos.org\/portal\/areas\/ambiente-y-sociedad\/","title":{"rendered":"Ambiente y Sociedad"},"content":{"rendered":"<p><img loading=\"lazy\" decoding=\"async\" class=\"alignnone size-full wp-image-183\" style=\"vertical-align: middle;\" title=\"acyes\" alt=\"\" src=\"http:\/\/estudiosociologicos.org\/portal\/wp-content\/uploads\/2011\/02\/aays.jpg\" width=\"65\" height=\"66\" \/> <strong>Ambiente y Sociedad<\/strong><\/p>\n<p><strong> <\/strong>En el contexto de las diversas y amplias indagaciones sobre las relaciones entre recursos naturales y estructuraci\u00f3n social el \u00c1rea se ocupara primordialmente de las consecuencias de la depredaci\u00f3n de los bienes comunes incluyendo todas las formas que adquieren lo activos ecol\u00f3gicos; las conexiones entre explotaci\u00f3n de los recursos naturales y la soberan\u00eda alimentaria y las consecuencias de los procesos aludidos en la salud p\u00fablica.<\/p>\n<p>Coordinador:\u00a0Dr. Horacio Machado Ar\u00e1oz.<\/p>\n<p><span style=\"text-decoration: underline;\">L\u00edneas de Investigaci\u00f3n:<\/span><\/p>\n<p>\u00bb <em>Capitalismo,<\/em> <em>Colonialismo y Ecolog\u00eda: reg\u00edmenes imperiales y formas hist\u00f3ricas de expropiaci\u00f3n ecol\u00f3gica. <\/em><strong>Horacio Machado Araoz<\/strong><\/p>\n<p>\u00bb<em> Percepci\u00f3n-relaciones de cuerpo(s) y medio ambiente. <\/em><strong>Victoria\u00a0 D&#8217;hers<\/strong><\/p>\n<p>\u00bb <em>Econom\u00eda de la felicidad. <\/em><strong>Margarita Camarena Luhrs<\/strong><\/p>\n<p>\u00bb <em>La relaci\u00f3n del hombre con el medio ambiente para la creaci\u00f3n de una identidad territorial din\u00e1mica y las implicaciones en la esfera econ\u00f3mica.<\/em><strong> Francesco Vigliarolo<\/strong><\/p>\n<p><a href=\"http:\/\/estudiosociologicos.org\/portal\/documentos-ambiente-y-sociedad\/\">\u00a0<\/a><\/p>\n<p><a href=\"http:\/\/estudiosociologicos.org\/portal\/documentos-ambiente-y-sociedad\"><img loading=\"lazy\" decoding=\"async\" alt=\"documentos de trabajo - ambiente y sociedad\" src=\"http:\/\/estudiosociologicos.org\/portal\/wp-content\/themes\/milano\/images\/banner-documentosdetrabajo-ays.jpg\" width=\"223\" height=\"30\" \/><\/a>\u00a0 \u00a0 \u00a0 \u00a0 \u00a0 \u00a0 \u00a0 \u00a0 \u00a0 \u00a0 \u00a0 \u00a0 \u00a0 \u00a0 \u00a0 \u00a0 \u00a0 \u00a0 \u00a0 \u00a0 <a href=\"http:\/\/estudiosociologicos.org\/portal\/noticias-ambiente-y-sociedad\"><img loading=\"lazy\" decoding=\"async\" alt=\"documentos de trabajo - ambiente y sociedad\" src=\"http:\/\/estudiosociologicos.org\/portal\/wp-content\/themes\/milano\/images\/banner-noticias-ays.jpg\" width=\"223\" height=\"30\" \/><\/a><\/p>\n","protected":false},"excerpt":{"rendered":"<p>Ambiente y Sociedad En el contexto de las diversas y amplias indagaciones sobre las relaciones entre recursos naturales y estructuraci\u00f3n social el \u00c1rea se ocupara primordialmente de las consecuencias de la depredaci\u00f3n de los bienes comunes incluyendo todas las formas que adquieren lo activos ecol\u00f3gicos; las conexiones entre explotaci\u00f3n de los recursos naturales y la [&hellip;]<\/p>\n","protected":false},"author":8,"featured_media":0,"parent":71,"menu_order":1,"comment_status":"open","ping_status":"closed","template":"","meta":{"om_disable_all_campaigns":false,"footnotes":""},"class_list":["post-73","page","type-page","status-publish","hentry"],"acf":[],"jetpack_sharing_enabled":true,"_links":{"self":[{"href":"https:\/\/estudiosociologicos.org\/portal\/wp-json\/wp\/v2\/pages\/73","targetHints":{"allow":["GET"]}}],"collection":[{"href":"https:\/\/estudiosociologicos.org\/portal\/wp-json\/wp\/v2\/pages"}],"about":[{"href":"https:\/\/estudiosociologicos.org\/portal\/wp-json\/wp\/v2\/types\/page"}],"author":[{"embeddable":true,"href":"https:\/\/estudiosociologicos.org\/portal\/wp-json\/wp\/v2\/users\/8"}],"replies":[{"embeddable":true,"href":"https:\/\/estudiosociologicos.org\/portal\/wp-json\/wp\/v2\/comments?post=73"}],"version-history":[{"count":44,"href":"https:\/\/estudiosociologicos.org\/portal\/wp-json\/wp\/v2\/pages\/73\/revisions"}],"predecessor-version":[{"id":3015,"href":"https:\/\/estudiosociologicos.org\/portal\/wp-json\/wp\/v2\/pages\/73\/revisions\/3015"}],"up":[{"embeddable":true,"href":"https:\/\/estudiosociologicos.org\/portal\/wp-json\/wp\/v2\/pages\/71"}],"wp:attachment":[{"href":"https:\/\/estudiosociologicos.org\/portal\/wp-json\/wp\/v2\/media?parent=73"}],"curies":[{"name":"wp","href":"https:\/\/api.w.org\/{rel}","templated":true}]}}