{"id":71,"date":"2011-01-27T13:06:11","date_gmt":"2011-01-27T16:06:11","guid":{"rendered":"http:\/\/estudiosociologicos.org\/portal"},"modified":"2025-07-22T18:16:34","modified_gmt":"2025-07-22T21:16:34","slug":"areas","status":"publish","type":"page","link":"https:\/\/estudiosociologicos.org\/portal\/areas\/","title":{"rendered":"\u00c1reas"},"content":{"rendered":"<p>El \u00a0<strong>CENTRO DE INVESTIGACI\u00d3N Y ESTUDIOS SOCIOLOGICOS<\/strong> (<strong>CIES<\/strong>) est\u00e1 integrado por un colectivo de investigadores, docentes, becarios de post-grado y estudiantes de disciplinas de Ciencias Sociales. Se estructura en cuatro \u00e1reas de investigaci\u00f3n y formaci\u00f3n acad\u00e9mica. Estas son:<\/p>\n<p><a href=\"http:\/\/estudiosociologicos.org\/portal\/areas\/ambiente-y-sociedad\/\"><img loading=\"lazy\" decoding=\"async\" class=\"alignnone size-full wp-image-182\" style=\"vertical-align: middle;\" title=\"aays\" src=\"http:\/\/estudiosociologicos.org\/portal\/wp-content\/uploads\/2011\/02\/aays.jpg\" alt=\"\" width=\"65\" height=\"66\" \/><\/a> <a href=\"http:\/\/estudiosociologicos.org\/portal\/areas\/ambiente-y-sociedad\/\">1. Ambiente y Sociedad<\/a><\/p>\n<p><a href=\"http:\/\/estudiosociologicos.org\/portal\/areas\/vida-cotidiana-espacio-temporalidad-y-sensibilidades-sociales\/\"><img loading=\"lazy\" decoding=\"async\" class=\"alignnone size-full wp-image-181\" style=\"vertical-align: middle;\" title=\"aavc\" src=\"http:\/\/estudiosociologicos.org\/portal\/wp-content\/uploads\/2011\/02\/aavc.jpg\" alt=\"\" width=\"65\" height=\"66\" \/><\/a> <a href=\"http:\/\/estudiosociologicos.org\/portal\/areas\/vida-cotidiana-espacio-temporalidad-y-sensibilidades-sociales\/\">2. Vida Cotidiana, Espacio-temporalidad y Sensibilidades Sociales<\/a><\/p>\n<p><a href=\"http:\/\/estudiosociologicos.org\/portal\/areas\/conflicto-y-estructura-social\/\"><img loading=\"lazy\" decoding=\"async\" class=\"alignnone size-full wp-image-183\" style=\"vertical-align: middle;\" title=\"acyes\" src=\"http:\/\/estudiosociologicos.org\/portal\/wp-content\/uploads\/2011\/02\/acyes.jpg\" alt=\"\" width=\"65\" height=\"66\" \/><\/a> <a href=\"http:\/\/estudiosociologicos.org\/portal\/areas\/conflicto-y-estructura-social\/\">3. Conflicto y Estructura Social<\/a><\/p>\n<p><a href=\"http:\/\/estudiosociologicos.org\/portal\/areas\/innovaciones-metodologicas\/\"><img loading=\"lazy\" decoding=\"async\" class=\"alignnone size-full wp-image-184\" style=\"vertical-align: middle;\" title=\"aim\" src=\"http:\/\/estudiosociologicos.org\/portal\/wp-content\/uploads\/2011\/02\/aim.jpg\" alt=\"\" width=\"65\" height=\"66\" \/><\/a> <a href=\"http:\/\/estudiosociologicos.org\/portal\/areas\/innovaciones-metodologicas\/\">4. Innovaciones Metodol\u00f3gicas<\/a><\/p>\n","protected":false},"excerpt":{"rendered":"<p>El \u00a0CENTRO DE INVESTIGACI\u00d3N Y ESTUDIOS SOCIOLOGICOS (CIES) est\u00e1 integrado por un colectivo de investigadores, docentes, becarios de post-grado y estudiantes de disciplinas de Ciencias Sociales. Se estructura en cuatro \u00e1reas de investigaci\u00f3n y formaci\u00f3n acad\u00e9mica. Estas son: 1. Ambiente y Sociedad 2. Vida Cotidiana, Espacio-temporalidad y Sensibilidades Sociales 3. Conflicto y Estructura Social 4. [&hellip;]<\/p>\n","protected":false},"author":8,"featured_media":0,"parent":0,"menu_order":2,"comment_status":"open","ping_status":"closed","template":"","meta":{"om_disable_all_campaigns":false,"footnotes":""},"class_list":["post-71","page","type-page","status-publish","hentry"],"acf":[],"jetpack_sharing_enabled":true,"_links":{"self":[{"href":"https:\/\/estudiosociologicos.org\/portal\/wp-json\/wp\/v2\/pages\/71","targetHints":{"allow":["GET"]}}],"collection":[{"href":"https:\/\/estudiosociologicos.org\/portal\/wp-json\/wp\/v2\/pages"}],"about":[{"href":"https:\/\/estudiosociologicos.org\/portal\/wp-json\/wp\/v2\/types\/page"}],"author":[{"embeddable":true,"href":"https:\/\/estudiosociologicos.org\/portal\/wp-json\/wp\/v2\/users\/8"}],"replies":[{"embeddable":true,"href":"https:\/\/estudiosociologicos.org\/portal\/wp-json\/wp\/v2\/comments?post=71"}],"version-history":[{"count":20,"href":"https:\/\/estudiosociologicos.org\/portal\/wp-json\/wp\/v2\/pages\/71\/revisions"}],"predecessor-version":[{"id":1311,"href":"https:\/\/estudiosociologicos.org\/portal\/wp-json\/wp\/v2\/pages\/71\/revisions\/1311"}],"wp:attachment":[{"href":"https:\/\/estudiosociologicos.org\/portal\/wp-json\/wp\/v2\/media?parent=71"}],"curies":[{"name":"wp","href":"https:\/\/api.w.org\/{rel}","templated":true}]}}