{"id":67,"date":"2011-01-27T11:35:54","date_gmt":"2011-01-27T14:35:54","guid":{"rendered":"http:\/\/estudiosociologicos.org\/portal"},"modified":"2011-04-20T17:12:41","modified_gmt":"2011-04-20T20:12:41","slug":"nuestros-objetivos","status":"publish","type":"page","link":"https:\/\/estudiosociologicos.org\/portal\/nuestros-objetivos\/","title":{"rendered":"Nuestros objetivos"},"content":{"rendered":"<p>Las m\u00faltiples\u00a0 y complejas transformaciones que se est\u00e1n evidenciando  en el inicio de la segunda d\u00e9cada del siglo XXI en Argentina, el sur  global y el mundo se presentan a todos los cient\u00edficos sociales como una  fuente de desaf\u00edos y preguntas.<\/p>\n<p>En este contexto es una urgencia la necesidad de profundizar los  esfuerzos para la construcci\u00f3n de unas ciencias sociales cr\u00edticas y  afianzadas en lo que en ellas hay de conocimiento cient\u00edfico.<\/p>\n<p>En Argentina en especial tanto el sistema de docencia-investigaci\u00f3n  de las Universidades P\u00fablicas como el sistema cient\u00edfico en el campo de  las ciencias sociales y humanas,\u00a0 han mantenido en buena medida, un  compromiso m\u00e1s o menos explicito con la necesidad arriba aludida. De  todas maneras, los esfuerzos realizados son variados pero a\u00fan quedan  muchos otros por realizar.<\/p>\n<p>Es en dicho contexto que nos proponemos abrir un espacio para  compartir, dialogar e indagar la sociedad en la modalidad de un Centro  de Investigaciones y Estudios Sociol\u00f3gicos. La adjetivaci\u00f3n desde la  sociolog\u00eda no implica ning\u00fan tipo de obturaci\u00f3n disciplinar como as\u00ed  tampoco refleja una impronta de un \u201cimperialismo sociol\u00f3gico.\u201d Ser\u00e1n los  caminos interdisciplinarios que giran alrededor de la Teor\u00eda Social y  las pr\u00e1cticas de indagaci\u00f3n concretas los que sirvan de canales de  comunicaci\u00f3n y dialogo entre las diversas formaciones que confluyen en  el Centro.<\/p>\n<p>Desde la perspectiva muy sint\u00e9ticamente expresada los objetivos generales del \u00a0Centro de Investigaciones y Estudios Sociol\u00f3gicos son:<\/p>\n<ol>\n<li>Construir      un espacio de discusi\u00f3n y reflexi\u00f3n cr\u00edtica sobre los procesos de estructuraci\u00f3n      social en Latinoamerica y el Sur Global.<\/li>\n<li>Proponer      un \u00e1mbito de dialogo \u201cmulti y pluri\u201d disciplinar sobre las principales      problem\u00e1ticas sociales en la actualidad.<\/li>\n<li>Fomentar      indagaciones sobre las \u201cnuevas\u201d y \u201cviejas\u201d estrategias de investigaci\u00f3n      social en un cruce virtuoso entre epistemolog\u00eda, metodolog\u00eda y teor\u00eda      social.<\/li>\n<li>Posibilitar      la visibilizaci\u00f3n de los m\u00faltiples grupos de investigaci\u00f3n del interior de      la Argentina      y de Latinoam\u00e9rica.<\/li>\n<li>Promover      la formaci\u00f3n acad\u00e9mica de recursos humanos para la investigaci\u00f3n      social.<\/li>\n<li>Compartir      y alentar espacios de participaci\u00f3n con los actores sociales comprometidos      en los nuevos procesos de estructuraci\u00f3n social en el Sur Global.<\/li>\n<\/ol>\n","protected":false},"excerpt":{"rendered":"<p>Las m\u00faltiples\u00a0 y complejas transformaciones que se est\u00e1n evidenciando en el inicio de la segunda d\u00e9cada del siglo XXI en Argentina, el sur global y el mundo se presentan a todos los cient\u00edficos sociales como una fuente de desaf\u00edos y preguntas. En este contexto es una urgencia la necesidad de profundizar los esfuerzos para la [&hellip;]<\/p>\n","protected":false},"author":8,"featured_media":0,"parent":0,"menu_order":1,"comment_status":"closed","ping_status":"closed","template":"","meta":{"om_disable_all_campaigns":false,"footnotes":""},"class_list":["post-67","page","type-page","status-publish","hentry"],"acf":[],"jetpack_sharing_enabled":true,"_links":{"self":[{"href":"https:\/\/estudiosociologicos.org\/portal\/wp-json\/wp\/v2\/pages\/67","targetHints":{"allow":["GET"]}}],"collection":[{"href":"https:\/\/estudiosociologicos.org\/portal\/wp-json\/wp\/v2\/pages"}],"about":[{"href":"https:\/\/estudiosociologicos.org\/portal\/wp-json\/wp\/v2\/types\/page"}],"author":[{"embeddable":true,"href":"https:\/\/estudiosociologicos.org\/portal\/wp-json\/wp\/v2\/users\/8"}],"replies":[{"embeddable":true,"href":"https:\/\/estudiosociologicos.org\/portal\/wp-json\/wp\/v2\/comments?post=67"}],"version-history":[{"count":9,"href":"https:\/\/estudiosociologicos.org\/portal\/wp-json\/wp\/v2\/pages\/67\/revisions"}],"predecessor-version":[{"id":2977,"href":"https:\/\/estudiosociologicos.org\/portal\/wp-json\/wp\/v2\/pages\/67\/revisions\/2977"}],"wp:attachment":[{"href":"https:\/\/estudiosociologicos.org\/portal\/wp-json\/wp\/v2\/media?parent=67"}],"curies":[{"name":"wp","href":"https:\/\/api.w.org\/{rel}","templated":true}]}}