{"id":651,"date":"2011-07-13T18:27:35","date_gmt":"2011-07-13T21:27:35","guid":{"rendered":"http:\/\/estudiosociologicos.org\/portal\/"},"modified":"2020-09-30T19:58:03","modified_gmt":"2020-09-30T22:58:03","slug":"trabajos","status":"publish","type":"page","link":"https:\/\/estudiosociologicos.org\/portal\/trabajos\/","title":{"rendered":"Documentos"},"content":{"rendered":"<p style=\"text-align: justify;\">Bienvenido a la p\u00e1gina de publicaciones de <strong>CIES<\/strong>. Aqu\u00ed podr\u00e1 encontrar libros, art\u00edculos, cap\u00edtulos de libros, diversos textos publicados por acad\u00e9micos que forman parte de nuestro Centro de Investigaci\u00f3n.<\/p>\n<p style=\"text-align: justify;\">Para acceder a ellos, puede indicar un criterio de b\u00fasqueda en el formulario (por ejemplo: \u00abcultura popular\u00bb) y hacer clic en el bot\u00f3n \u00abAdelante\u00bb. Tambi\u00e9n puede, accediendo desde los enlaces de m\u00e1s abajo, navegar los art\u00edculos por \u00abTemas\u00bb o \u00abAutores\u00bb.<\/p>\n<p>[download_page format=\u00bb1&#8243; exclude_cat=\u00bb\u00bb pop_count=\u00bb0&#8243; pop_cat_count=\u00bb0&#8243; per_page=\u00bb10&#8243;]<\/p>\n\n<p>[download_page format=\u00bb1&#8243; exclude_cat=\u00bb\u00bb pop_count=\u00bb0&#8243; pop_cat_count=\u00bb0&#8243; per_page=\u00bb10&#8243;]<\/p>\n\n\n<pre><strong>Atenci\u00f3n<\/strong>: todos los textos incluidos en la presente secci\u00f3n han sido publicados por sus autores en medios registrados como publicaciones cient\u00edficas, revistas o libros, y por lo tanto poseen derechos de propiedad intelectual. El uso de estos textos con fines acad\u00e9micos y\/o educativos est\u00e1 permitido siempre y cuando se cite al autor y la fuente. En los archivos descargados pueden encontrarse las referencias bibliogr\u00e1ficas de los mismos para su correcta menci\u00f3n o citado. Se prohibe expresamente la utilizaci\u00f3n de los textos con fines comerciales. En caso de comentarios o aclaraciones, no dude en ponerse en contacto con nosotros al mail: <a href=\"mailto:correo@estudiosociologicos.org\">correo@estudiosociologicos.org<\/a>.<\/pre>","protected":false},"excerpt":{"rendered":"<p>Bienvenido a la p\u00e1gina de publicaciones de CIES. Aqu\u00ed podr\u00e1 encontrar libros, art\u00edculos, cap\u00edtulos de libros, diversos textos publicados por acad\u00e9micos que forman parte de nuestro Centro de Investigaci\u00f3n. Para acceder a ellos, puede indicar un criterio de b\u00fasqueda en el formulario (por ejemplo: \u00abcultura popular\u00bb) y hacer clic en el bot\u00f3n \u00abAdelante\u00bb. Tambi\u00e9n puede, [&hellip;]<\/p>\n","protected":false},"author":8,"featured_media":0,"parent":0,"menu_order":3,"comment_status":"closed","ping_status":"closed","template":"","meta":{"om_disable_all_campaigns":false,"footnotes":""},"class_list":["post-651","page","type-page","status-publish","hentry"],"acf":[],"jetpack_sharing_enabled":true,"_links":{"self":[{"href":"https:\/\/estudiosociologicos.org\/portal\/wp-json\/wp\/v2\/pages\/651","targetHints":{"allow":["GET"]}}],"collection":[{"href":"https:\/\/estudiosociologicos.org\/portal\/wp-json\/wp\/v2\/pages"}],"about":[{"href":"https:\/\/estudiosociologicos.org\/portal\/wp-json\/wp\/v2\/types\/page"}],"author":[{"embeddable":true,"href":"https:\/\/estudiosociologicos.org\/portal\/wp-json\/wp\/v2\/users\/8"}],"replies":[{"embeddable":true,"href":"https:\/\/estudiosociologicos.org\/portal\/wp-json\/wp\/v2\/comments?post=651"}],"version-history":[{"count":47,"href":"https:\/\/estudiosociologicos.org\/portal\/wp-json\/wp\/v2\/pages\/651\/revisions"}],"predecessor-version":[{"id":2520,"href":"https:\/\/estudiosociologicos.org\/portal\/wp-json\/wp\/v2\/pages\/651\/revisions\/2520"}],"wp:attachment":[{"href":"https:\/\/estudiosociologicos.org\/portal\/wp-json\/wp\/v2\/media?parent=651"}],"curies":[{"name":"wp","href":"https:\/\/api.w.org\/{rel}","templated":true}]}}