{"id":1313,"date":"2014-03-07T11:35:21","date_gmt":"2014-03-07T14:35:21","guid":{"rendered":"http:\/\/estudiosociologicos.org\/portal\/?page_id=1313"},"modified":"2014-03-07T11:35:21","modified_gmt":"2014-03-07T14:35:21","slug":"publicaciones","status":"publish","type":"page","link":"https:\/\/estudiosociologicos.org\/portal\/trabajos\/publicaciones\/","title":{"rendered":"Publicaciones"},"content":{"rendered":"<p style=\"text-align: justify;\">Bienvenido a la p\u00e1gina de publicaciones de <strong>CIES<\/strong>. Aqu\u00ed podr\u00e1 encontrar libros, art\u00edculos, cap\u00edtulos de libros, diversos textos publicados por acad\u00e9micos que forman parte de nuestro Centro de Investigaci\u00f3n.<\/p>\n<p style=\"text-align: justify;\">Para acceder a ellos, puede indicar un criterio de b\u00fasqueda en el formulario (por ejemplo: \u00abcultura popular\u00bb) y hacer clic en el bot\u00f3n \u00abAdelante\u00bb. Tambi\u00e9n puede, accediendo desde los enlaces de m\u00e1s abajo, navegar los art\u00edculos por \u00abTemas\u00bb o \u00abAutores\u00bb.<\/p>\n<p>[download_page format=\u00bb1&#8243; exclude_cat=\u00bb\u00bb pop_count=\u00bb0&#8243; pop_cat_count=\u00bb0&#8243; per_page=\u00bb10&#8243;]<br \/>\n<span style=\"font-size: x-small;\"><strong>Atenci\u00f3n<\/strong>: todos los textos incluidos en la presente secci\u00f3n han sido publicados por sus autores en medios registrados como publicaciones cient\u00edficas, revistas o libros, y por lo tanto poseen derechos de propiedad intelectual. El uso de estos textos con fines acad\u00e9micos y\/o educativos est\u00e1 permitido siempre y cuando se cite al autor y la fuente. En los archivos descargados pueden encontrarse las referencias bibliogr\u00e1ficas de los mismos para su correcta menci\u00f3n o citado. Se prohibe expresamente la utilizaci\u00f3n de los textos con fines comerciales. En caso de comentarios o aclaraciones, no dude en ponerse en contacto con nosotros al mail: <a href=\"mailto:correo@estudiosociologicos.org\">correo@estudiosociologicos.org<\/a>.<\/span><\/p>\n","protected":false},"excerpt":{"rendered":"<p>Bienvenido a la p\u00e1gina de publicaciones de CIES. Aqu\u00ed podr\u00e1 encontrar libros, art\u00edculos, cap\u00edtulos de libros, diversos textos publicados por acad\u00e9micos que forman parte de nuestro Centro de Investigaci\u00f3n. Para acceder a ellos, puede indicar un criterio de b\u00fasqueda en el formulario (por ejemplo: \u00abcultura popular\u00bb) y hacer clic en el bot\u00f3n \u00abAdelante\u00bb. Tambi\u00e9n puede, [&hellip;]<\/p>\n","protected":false},"author":8,"featured_media":0,"parent":651,"menu_order":0,"comment_status":"open","ping_status":"open","template":"","meta":{"om_disable_all_campaigns":false,"footnotes":""},"class_list":["post-1313","page","type-page","status-publish","hentry"],"acf":[],"jetpack_sharing_enabled":true,"_links":{"self":[{"href":"https:\/\/estudiosociologicos.org\/portal\/wp-json\/wp\/v2\/pages\/1313","targetHints":{"allow":["GET"]}}],"collection":[{"href":"https:\/\/estudiosociologicos.org\/portal\/wp-json\/wp\/v2\/pages"}],"about":[{"href":"https:\/\/estudiosociologicos.org\/portal\/wp-json\/wp\/v2\/types\/page"}],"author":[{"embeddable":true,"href":"https:\/\/estudiosociologicos.org\/portal\/wp-json\/wp\/v2\/users\/8"}],"replies":[{"embeddable":true,"href":"https:\/\/estudiosociologicos.org\/portal\/wp-json\/wp\/v2\/comments?post=1313"}],"version-history":[{"count":2,"href":"https:\/\/estudiosociologicos.org\/portal\/wp-json\/wp\/v2\/pages\/1313\/revisions"}],"predecessor-version":[{"id":2981,"href":"https:\/\/estudiosociologicos.org\/portal\/wp-json\/wp\/v2\/pages\/1313\/revisions\/2981"}],"up":[{"embeddable":true,"href":"https:\/\/estudiosociologicos.org\/portal\/wp-json\/wp\/v2\/pages\/651"}],"wp:attachment":[{"href":"https:\/\/estudiosociologicos.org\/portal\/wp-json\/wp\/v2\/media?parent=1313"}],"curies":[{"name":"wp","href":"https:\/\/api.w.org\/{rel}","templated":true}]}}